{"id":769,"date":"2014-07-20T12:07:15","date_gmt":"2014-07-20T10:07:15","guid":{"rendered":"http:\/\/andy-buenning.de\/studio\/?page_id=769"},"modified":"2020-04-15T10:43:29","modified_gmt":"2020-04-15T08:43:29","slug":"769-2","status":"publish","type":"page","link":"https:\/\/andy-buenning.de\/studio\/769-2\/","title":{"rendered":"Impressum"},"content":{"rendered":"<p style=\"padding-left: 30px;\"><span style=\"text-decoration: underline;\"><strong>Herausgeber:<\/strong><\/span><br \/>\nFotostudio &amp; Service Andy B\u00fcnning<br \/>\nBahnhofstra\u00dfe 1 B<br \/>\n17358 Torgelow<\/p>\n<p><span style=\"text-decoration: underline;\"><strong>Tel.:<\/strong><\/span> 03976 &#8211; 25 63 16<\/p>\n<p><span style=\"text-decoration: underline;\"><strong>E-Mail:<\/strong><\/span> info(at)andy-buenning.de<\/p>\n<p><span style=\"text-decoration: underline;\"><strong>Gesch\u00e4ftsf\u00fchrer:<\/strong><\/span> Andy B\u00fcnning<\/p>\n<p><span style=\"text-decoration: underline;\"><strong>Steuernummer:<\/strong><\/span> 08421007854\u00a0 I\u00a0 Finanzamt Greifswald<\/p>\n<p><span style=\"text-decoration: underline;\"><strong>Verantwortlich f\u00fcr den Inhalt:<\/strong><\/span> Andy B\u00fcnning<\/p>\n<p><span style=\"text-decoration: underline;\"><strong>Konzeption &amp; Relaunch Website:<\/strong><\/span> Andy B\u00fcnning<\/p>\n<p><span style=\"text-decoration: underline;\"><strong>Wichtiger Hinweis zu allen Links auf dieser Homepage:<\/strong><\/span><\/p>\n<p>Mit Urteil vom 12. Mai 1998 &#8211; 312 0 85\/98 &#8211; &#8222;Haftung f\u00fcr Links&#8220; hat das Landgericht in Hamburg entschieden, dass man durch die Anbringung eines Links, die Inhalte der gelinkten Seite ggf. mit zu verantworten hat. Dies kann man verhindern, indem man sich ausdr\u00fccklich von diesen Inhalten distanziert. Wir distanzieren uns ausdr\u00fccklich von allen Inhalten aller verlinkten Seiten auf dieser Homepage.<\/p>\n","protected":false},"excerpt":{"rendered":"<p>Herausgeber: Fotostudio &amp; Service Andy B\u00fcnning Bahnhofstra\u00dfe 1 B 17358 Torgelow Tel.: 03976 &#8211; 25 63 16 E-Mail: info(at)andy-buenning.de Gesch\u00e4ftsf\u00fchrer: Andy B\u00fcnning Steuernummer: 08421007854\u00a0 I\u00a0 Finanzamt Greifswald Verantwortlich f\u00fcr den Inhalt: Andy B\u00fcnning Konzeption &amp; Relaunch Website: Andy B\u00fcnning Wichtiger Hinweis zu allen Links auf dieser Homepage: Mit Urteil vom 12. Mai 1998 &#8211; 312 [&hellip;]<\/p>\n","protected":false},"author":1,"featured_media":0,"parent":0,"menu_order":0,"comment_status":"closed","ping_status":"closed","template":"","meta":{"_et_pb_use_builder":"","_et_pb_old_content":"","_et_gb_content_width":"","_monsterinsights_skip_tracking":false,"_monsterinsights_sitenote_active":false,"_monsterinsights_sitenote_note":"","_monsterinsights_sitenote_category":0,"footnotes":""},"class_list":["post-769","page","type-page","status-publish","hentry"],"aioseo_notices":[],"_links":{"self":[{"href":"https:\/\/andy-buenning.de\/studio\/wp-json\/wp\/v2\/pages\/769","targetHints":{"allow":["GET"]}}],"collection":[{"href":"https:\/\/andy-buenning.de\/studio\/wp-json\/wp\/v2\/pages"}],"about":[{"href":"https:\/\/andy-buenning.de\/studio\/wp-json\/wp\/v2\/types\/page"}],"author":[{"embeddable":true,"href":"https:\/\/andy-buenning.de\/studio\/wp-json\/wp\/v2\/users\/1"}],"replies":[{"embeddable":true,"href":"https:\/\/andy-buenning.de\/studio\/wp-json\/wp\/v2\/comments?post=769"}],"version-history":[{"count":4,"href":"https:\/\/andy-buenning.de\/studio\/wp-json\/wp\/v2\/pages\/769\/revisions"}],"predecessor-version":[{"id":26917,"href":"https:\/\/andy-buenning.de\/studio\/wp-json\/wp\/v2\/pages\/769\/revisions\/26917"}],"wp:attachment":[{"href":"https:\/\/andy-buenning.de\/studio\/wp-json\/wp\/v2\/media?parent=769"}],"curies":[{"name":"wp","href":"https:\/\/api.w.org\/{rel}","templated":true}]}}