{"id":780,"date":"2014-07-21T12:21:20","date_gmt":"2014-07-21T10:21:20","guid":{"rendered":"http:\/\/andy-buenning.de\/studio\/?page_id=780"},"modified":"2020-04-15T18:10:23","modified_gmt":"2020-04-15T16:10:23","slug":"ueber-mich","status":"publish","type":"page","link":"https:\/\/andy-buenning.de\/studio\/ueber-mich\/","title":{"rendered":"\u00dcber mich"},"content":{"rendered":"<p>[vc_row][vc_column width=&#8220;1\/2&#8243;][vc_column_text]<\/p>\n<p style=\"text-align: center;\">Schreiben Sie mir !<\/p>\n<p style=\"text-align: center;\">[cforms name=&#8220;Your default form&#8220;]<\/p>\n<p>[\/vc_column_text][\/vc_column][vc_column width=&#8220;1\/2&#8243;][vc_column_text]Es gibt nichts sch\u00f6neres, als sein Hobby zum Beruf zu machen.<\/p>\n<p>Ich bin Jahrgang 1976 und wohne seitdem in der Stadt Torgelow (Landkreis Vorpommern Greifswald). Nach Krippe, Kindergarten und Schule, haben ich erst einmal einen ganz anderen Beruf als Fotograf erlernt. Im Jahr 1996 hatte ich meinen Abschluss zum Verfahrensmechaniker in der Tasche. Zu dieser Zeit hatte ich noch nichts mit Foto\u00b4s am Hut. Eher gings mit der Videokamera zu Familienfesten und Fu\u00dfballspielen. Daraus entwickelte sich dann auch der Weg zum Fotografieren. 2003 \u00fcbernahm ich dann ehrenamtlich die \u00d6ffentlichkeitsarbeit beim damaligen Torgelower SV Greif. Die Zusammenarbeit endete im Sommer 2014.<\/p>\n<p>Bis dahin passierte viel. Nebenberuflich arbeitete ich ab 2003 immer mehr f\u00fcr den Nordkurier. Nach und nach wurden auch Fotos in anderen Printmedien gedruckt.<\/p>\n<p>Das Jahr 2007 brachte dann die gr\u00f6\u00dfte Ver\u00e4nderung. Die Firma, in der ich seit 1999 t\u00e4tig war, gab ihren Standort in Torgelow auf. Eher ein Gl\u00fccksfall f\u00fcr mich. Aus dem Nebenberuf wurde ein Hauptberuf. Ich hatte nun komplett Zeit f\u00fcr verschiedene Sporttermine. Das Jahr 2009 brachte den n\u00e4chsten Schritt.<\/p>\n<p>In Torgelow gab es kein Fotostudio, also er\u00f6ffnete ich eines in der Breite Stra\u00dfe 14. 2011wurde genau\u00a0am Marktplatz eine Ladenfl\u00e4che frei, diese Chance nutzte ich, denn eine bessere Lage kann es wohl nicht in dieser Stadt geben. Dort er\u00f6ffnete ich also im 01. Juni 2011 die neuen R\u00e4umlichkeiten. Neben den klassischen Passbildern und Bewerbungsfotos, gibt es immer viel zu tun. Auftr\u00e4ge bei Hochzeiten und Feierlichkeiten. Shootings f\u00fcr Baby-, Kinder- und Familienfotos. Oder auch mal Erotikfotos sorgen f\u00fcr reichliches Tun.<\/p>\n<p>F\u00fcr die Zeitungen bin ich nat\u00fcrlich auch immer noch unterwegs&#8230;[\/vc_column_text][\/vc_column][\/vc_row][vc_row][vc_column][vc_gallery type=&#8220;image_grid&#8220; images=&#8220;17278,17277,17276,17275,17269,17268,17267,17266,17265,17264,17263,17262,17261,17260,17259,17258,17257,17256,17255,17254,17253,17252&#8243;][\/vc_column][\/vc_row]<\/p>\n","protected":false},"excerpt":{"rendered":"<p>[vc_row][vc_column width=&#8220;1\/2&#8243;][vc_column_text] Schreiben Sie mir ! [cforms name=&#8220;Your default form&#8220;] [\/vc_column_text][\/vc_column][vc_column width=&#8220;1\/2&#8243;][vc_column_text]Es gibt nichts sch\u00f6neres, als sein Hobby zum Beruf zu machen. Ich bin Jahrgang 1976 und wohne seitdem in der Stadt Torgelow (Landkreis Vorpommern Greifswald). Nach Krippe, Kindergarten und Schule, haben ich erst einmal einen ganz anderen Beruf als Fotograf erlernt. Im Jahr 1996 [&hellip;]<\/p>\n","protected":false},"author":1,"featured_media":0,"parent":0,"menu_order":0,"comment_status":"closed","ping_status":"closed","template":"","meta":{"_et_pb_use_builder":"","_et_pb_old_content":"","_et_gb_content_width":"","_monsterinsights_skip_tracking":false,"_monsterinsights_sitenote_active":false,"_monsterinsights_sitenote_note":"","_monsterinsights_sitenote_category":0,"footnotes":""},"class_list":["post-780","page","type-page","status-publish","hentry"],"aioseo_notices":[],"_links":{"self":[{"href":"https:\/\/andy-buenning.de\/studio\/wp-json\/wp\/v2\/pages\/780","targetHints":{"allow":["GET"]}}],"collection":[{"href":"https:\/\/andy-buenning.de\/studio\/wp-json\/wp\/v2\/pages"}],"about":[{"href":"https:\/\/andy-buenning.de\/studio\/wp-json\/wp\/v2\/types\/page"}],"author":[{"embeddable":true,"href":"https:\/\/andy-buenning.de\/studio\/wp-json\/wp\/v2\/users\/1"}],"replies":[{"embeddable":true,"href":"https:\/\/andy-buenning.de\/studio\/wp-json\/wp\/v2\/comments?post=780"}],"version-history":[{"count":28,"href":"https:\/\/andy-buenning.de\/studio\/wp-json\/wp\/v2\/pages\/780\/revisions"}],"predecessor-version":[{"id":26926,"href":"https:\/\/andy-buenning.de\/studio\/wp-json\/wp\/v2\/pages\/780\/revisions\/26926"}],"wp:attachment":[{"href":"https:\/\/andy-buenning.de\/studio\/wp-json\/wp\/v2\/media?parent=780"}],"curies":[{"name":"wp","href":"https:\/\/api.w.org\/{rel}","templated":true}]}}